{"id":56,"date":"2019-09-28T11:50:40","date_gmt":"2019-09-28T09:50:40","guid":{"rendered":"http:\/\/www.jellici-baldes-spacetracker.ch\/?page_id=56"},"modified":"2020-07-12T12:55:33","modified_gmt":"2020-07-12T10:55:33","slug":"impressum","status":"publish","type":"page","link":"https:\/\/www.jellici-baldes-spacetracker.ch\/?page_id=56","title":{"rendered":"IMPRESSUM"},"content":{"rendered":"\n<pre class=\"wp-block-preformatted\"><strong>Haftungshinweis<\/strong>\nTrotz sorgf\u00e4ltiger inhaltlicher Kontrolle \u00fcbernehmen wir keine Haftung f\u00fcr die Inhalte externer Links. F\u00fcr den Inhalt der verlinkten Seiten sind ausschliesslich deren Betreiber verantwortlich.<\/pre>\n\n\n\n<h2 class=\"wp-block-heading\"><br><\/h2>\n","protected":false},"excerpt":{"rendered":"<p>Haftungshinweis Trotz sorgf\u00e4ltiger inhaltlicher Kontrolle \u00fcbernehmen wir keine Haftung f\u00fcr die Inhalte externer Links. F\u00fcr den Inhalt der verlinkten Seiten sind ausschliesslich deren Betreiber verantwortlich.<\/p>\n","protected":false},"author":1,"featured_media":367,"parent":0,"menu_order":0,"comment_status":"closed","ping_status":"closed","template":"","meta":{"footnotes":""},"_links":{"self":[{"href":"https:\/\/www.jellici-baldes-spacetracker.ch\/index.php?rest_route=\/wp\/v2\/pages\/56"}],"collection":[{"href":"https:\/\/www.jellici-baldes-spacetracker.ch\/index.php?rest_route=\/wp\/v2\/pages"}],"about":[{"href":"https:\/\/www.jellici-baldes-spacetracker.ch\/index.php?rest_route=\/wp\/v2\/types\/page"}],"author":[{"embeddable":true,"href":"https:\/\/www.jellici-baldes-spacetracker.ch\/index.php?rest_route=\/wp\/v2\/users\/1"}],"replies":[{"embeddable":true,"href":"https:\/\/www.jellici-baldes-spacetracker.ch\/index.php?rest_route=%2Fwp%2Fv2%2Fcomments&post=56"}],"version-history":[{"count":5,"href":"https:\/\/www.jellici-baldes-spacetracker.ch\/index.php?rest_route=\/wp\/v2\/pages\/56\/revisions"}],"predecessor-version":[{"id":232,"href":"https:\/\/www.jellici-baldes-spacetracker.ch\/index.php?rest_route=\/wp\/v2\/pages\/56\/revisions\/232"}],"wp:featuredmedia":[{"embeddable":true,"href":"https:\/\/www.jellici-baldes-spacetracker.ch\/index.php?rest_route=\/wp\/v2\/media\/367"}],"wp:attachment":[{"href":"https:\/\/www.jellici-baldes-spacetracker.ch\/index.php?rest_route=%2Fwp%2Fv2%2Fmedia&parent=56"}],"curies":[{"name":"wp","href":"https:\/\/api.w.org\/{rel}","templated":true}]}}