{"id":15,"date":"2019-09-28T11:04:51","date_gmt":"2019-09-28T09:04:51","guid":{"rendered":"http:\/\/www.jellici-baldes-spacetracker.ch\/?page_id=15"},"modified":"2025-10-10T12:47:19","modified_gmt":"2025-10-10T10:47:19","slug":"bios","status":"publish","type":"page","link":"https:\/\/www.jellici-baldes-spacetracker.ch\/?page_id=15","title":{"rendered":"BAND"},"content":{"rendered":"<div class=\"wp-block-image\">\n<figure class=\"aligncenter size-large\"><img decoding=\"async\" loading=\"lazy\" width=\"1024\" height=\"683\" src=\"http:\/\/www.jellici-baldes-spacetracker.ch\/wp-content\/uploads\/2019\/09\/Royal-Fish-Friday-1-1024x683.jpg\" alt=\"\" class=\"wp-image-7\" srcset=\"https:\/\/www.jellici-baldes-spacetracker.ch\/wp-content\/uploads\/2019\/09\/Royal-Fish-Friday-1-1024x683.jpg 1024w, https:\/\/www.jellici-baldes-spacetracker.ch\/wp-content\/uploads\/2019\/09\/Royal-Fish-Friday-1-300x200.jpg 300w, https:\/\/www.jellici-baldes-spacetracker.ch\/wp-content\/uploads\/2019\/09\/Royal-Fish-Friday-1-768x512.jpg 768w, https:\/\/www.jellici-baldes-spacetracker.ch\/wp-content\/uploads\/2019\/09\/Royal-Fish-Friday-1-1568x1045.jpg 1568w\" sizes=\"(max-width: 1024px) 100vw, 1024px\" \/><\/figure><\/div>\n\n\n<pre class=\"wp-block-preformatted\"><strong>Johanna Jellici - voice, electronic soundscapes<\/strong>\nwuchs in Br\u00fcssel, Berlin und Barcelona auf, schloss ihr\nLiteraturwissenschaftsstudium in T\u00fcbingen ab und ging mit einem Stipendium f\u00fcr zwei Jahre nach San Francisco und Tokyo. Nach ihrer R\u00fcckkehr nach Europa studierte sie in Leipzig Gesang und elektroakustische Komposition und lebt seit 2002 in Z\u00fcrich. Klanginstallationen und Live-Elektronische Performances unter anderem im Architekturmuseum Frankfurt am Main, auf der Internationalen Automobil Ausstellung Frankfurt\/Main f\u00fcr BMW, beim Internationalen Klangkunstfestival Erlangen, im Z\u00fcrcher Club Tonimolkerei, bei Modenschauen von A-K-R-I-S und im Ulmer Museum\/Kunsthalle Weishaupt. Werkschauen in der Audiophonen Galerie t-u-be, M\u00fcnchen und im Wiener Kunstverein Alte Schmiede. 2005 bekommt Johanna Jellici den Elektronikpreis des Musikforums Viktringen, \u00d6sterreich f\u00fcr ihre elektroakustische Komposition \u201cTertium Datur\u201d f\u00fcr 8kanal Tonband, Cello und live Elektronik. Als S\u00e4ngerin bildete sie sich neben dem Studium zus\u00e4tzlich bei Maria Joao und Lauren Newton weiter und erweiterte ihr Stimmrepertoire auch im Bereich der zeitgen\u00f6ssischen Klassik. Sie stand mit Nina Hagen und der Bigband des Hessischen Rundfunks auf der B\u00fchne und war Solistin f\u00fcr improvisierte und neue Musik in Kompositionen von Gerhard St\u00e4bler, Thomas Christoph Heyde und Thomas Kessler. Zusammenarbeit mit dem Dirigenten Titus Engel. Johanna Jellici war Dozentin f\u00fcr Elektroakustische Komposition an der Universit\u00e4t f\u00fcr Musik und Darstellende Kunst, Wien. Seit 2002 lebt und arbeitet Johanna Jellici als freischaffende S\u00e4ngerin, Installationsk\u00fcnstlerin und Gesangsp\u00e4dagogin in Z\u00fcrich. \n\u201eJohanna Jellici ist S\u00e4ngerin und Soundk\u00fcnstlerin, au\u00dferdem Literaturwissenschaftlerin und Experimentatorin. [\u2026] Johanna Jellici hat k\u00fcnstlerische Wurzeln etwa in der elektroakustischen und zeitgen\u00f6ssischen Klangkunst. Sie ist in der Welt bewusst gestalteter H\u00f6rumgebungen, audiovisueller Installationen und klangr\u00e4umlicher Architektur ebenso zuhause wie in der musique concr\u00e8te, den Ausl\u00e4ufern des experimentellen Pops oder dem umfassenden Komplex des Soundhealings [\u2026].\u201cRalf Dombrowski, Musikjournalist.<\/pre>\n\n\n\n<pre class=\"wp-block-preformatted\"><strong>Jochen Baldes - tenorsaxophone<\/strong>\nWar erst als Kunstmaler und Bildhauer t\u00e4tig. Verschiedene Einzel- und Gruppenausstellungen. Werkbeitrag des Kanton Z\u00fcrich. \nDiplom an der Swiss Jazz School in Bern bei Andy Scherrer, Joe Haider, Bert Joris, Frank Sikora. Weiterbildende Workshops bei Rick Margitza, Ray Anderson, Mark Turner, Cedar Walton, Wynton Marsalis, Billy Higgins, Tom Harrell, Kenny Werner.\nAuftritte im In- und Ausland u. a. an den Jazzfestivals Montreux, Willisau, Schaffhausen, Terneusen NL, Grahamstown SA, Splashy Fenn SA, Voronezh RU, Kursk RU. Tourneen und Konzerte in der Schweiz, Italien, Holland, Deutschland, \u00d6sterreich, Frankreich, Kuba und S\u00fcdafrika, Russland. \nVerschiedenste CD-Produktionen als Bandleader, Sideman und Freelancemusiker mit diversen Bands u.a. mit Andy Brugger\u2019s Diet Bang, Lucerne Jazz Orchestra, Zurich Jazz Orchestra, Martin Streule Jazz Orchestra, Adrian Frey Septett, Herbie Kopf, Chris Wiesendanger, Christoph Stiefel, uva. Radio-und Fernsehauftritte im bereich Jazz und Rock. \nMusik zu zwei Kurzfilmen von Pierre Mennel. F\u00fcr das Fernsehen SRF Musik zum Spielfilm \u00abPiff Paff Puff\u00bb mit der Band \u00abJean et les Peugeot\u00bb, Kompositionen f\u00fcr den Spielfilm \u00abTaxigefl\u00fcster\u00bb des Filmers und Fotografen Giorgio Wolfensberger. Diverse H\u00f6rspielvertonungen f\u00fcr das schweizerische Radio SRF II. Lehrt\u00e4tigkeit an einem Gymnasium in Z\u00fcrich. \nZusammenarbeit mit dem Schriftsteller Uwe Timm anl\u00e4sslich der Ver\u00f6ffentlichung seines Romans \u00abRot\u00bb. \n7 Jahre Vorstandsmitglied als Vertreter der Musikergemeinschaft, Jazzclub Moods, Z\u00fcrich. \nSeit 1997 Bandleader der Gruppe \u00abJochen Baldes Subnoder\u00bb mit Adrian Frey, Herbie Kopf und Kaspar Rast. Die CD's \u00abNiniland\u00bb, \u00abOsmotic Jazz\u00bb erscheinen. \u00abThe Moholo Songs\u00bb erscheint in der Reihe \u00abNext Generation\u00bb bei \u00abDouble Moon Records\u00bb in Zusammenarbeit mit dem Jazzmagazin \u00abJazzthing\u00bb. Tour durch Deutschland und der Schweiz mit \u00fcber 30 Konzerten. 2011 Umbildung der Band mit den neuen Mitgliedern Franz Hellm\u00fcller (g), Thomas Bauser (p), Andr\u00e9 Pousaz (b) und Michi Stulz (dr), die CD \u00abHere\u00bb wurde Anfang 2012 im Studio Hard aufgenommen und von SRF 2 koproduziert. Die CD erscheint bei \u00abDouble Moon Records\u00bb im Oktober 2013. Konzerte in der Schweiz, Deutschland und \u00d6sterreich folgten. \nNeben \u00abSubnoder\u00bb leitet Jochen Baldes noch die Band \u00abKobal\u00bb, die seit Anfang 2009 besteht. Die Band um den deutschen Lyriker und Schriftsteller Nicolai Kobus bespielen und lesen dessen Text \u00bbAch Anna\u00ab. Eine Liebes-parforce-tour durchs Jahr. 14 Musik- und Textteile mit Prolog, Januar bis Dezember, und einem Epilog sind zu einem grossen Ganzen zusammengeflochten. Die Band besteht aus: Jochen Baldes Tenor\/Sopransaxophon, Michael Gassmann Trompete, Michael Bucher Gitarre, Thomas Bauser Hammond Orgel, Dominic Egli Drums. Tournee und Autritte in den Jahren 2010\/11 In der Schweiz und Deutschland, unter anderem an den Solothurner Literaturtagen, Literaturhaus Nottbeck, im Kunsthaus Hagen u.v.a. 2012 Zusammenarbeit mit der S\u00e4ngerin und Audiovisual Art K\u00fcnstlerin Johanna Jellici an ihrem Werk \u00abZwei Stimmen\u00bb f\u00fcr das Ulmer Museum (D. Seit 2013 Coleader der Band Jellici\/Baldes\u2018 Soundfields zusammen mit der S\u00e4ngerin\/Elektronikerin Johanna Jellici. Die CD \u00abInvisible Door\u00bb erscheint 2016 bei dem Label \u00abMusiques Suisses\u00bb. Konzerte im In- und Ausland folgen. Bandmitglieder sind: Johanna Jellici Gesang\/soundscaping, Jochen Baldes Tenor\/Sopransaxophon, Bassklarinette, Franz Hellm\u00fcller Gitarre, Andr\u00e9 Buser E-Bass, Tobias Hunziker Drums. April 2017 \u00abArtist in Residence\u00bb im Jazzclub Moods. Ab 2016 drei ausgedehnte Russlandtouren mit den Bands Galeone, Bloom-Effect und Jellici Baldes Soundfields.<\/pre>\n\n\n\n<pre class=\"wp-block-preformatted\"><strong>Franz Hellm\u00fcller - guita<\/strong>r\nstudied at the American School of Modern Music in Paris, followed by a Diploma at the Lucerne School of Music and was a fellow of the International Association of Schools of Jazz in 2002 in Helsinki under Dave Liebman. He received the Axelle and Max Koch Prize as well as the Prize of the Pfeifer Foundation and was nominated for the Preis der deutschen Schallplattenkritik in 2014 and for the BMW Jazz Welt Award in 2015. In addition to many concerts in Switzerland he already played in Germany, France, Poland, Lithuania, Finland, Austria, Montenegro, Russia and Italy.<\/pre>\n","protected":false},"excerpt":{"rendered":"<p>Johanna Jellici &#8211; voice, electronic soundscapes wuchs in Br\u00fcssel, Berlin und Barcelona auf, schloss ihr Literaturwissenschaftsstudium in T\u00fcbingen ab und ging mit einem Stipendium f\u00fcr&#8230;<\/p>\n<div class=\"more-link-wrapper\"><a class=\"more-link\" href=\"https:\/\/www.jellici-baldes-spacetracker.ch\/?page_id=15\">mehr<span class=\"screen-reader-text\">BAND<\/span><\/a><\/div>\n","protected":false},"author":1,"featured_media":364,"parent":0,"menu_order":0,"comment_status":"closed","ping_status":"closed","template":"","meta":{"footnotes":""},"_links":{"self":[{"href":"https:\/\/www.jellici-baldes-spacetracker.ch\/index.php?rest_route=\/wp\/v2\/pages\/15"}],"collection":[{"href":"https:\/\/www.jellici-baldes-spacetracker.ch\/index.php?rest_route=\/wp\/v2\/pages"}],"about":[{"href":"https:\/\/www.jellici-baldes-spacetracker.ch\/index.php?rest_route=\/wp\/v2\/types\/page"}],"author":[{"embeddable":true,"href":"https:\/\/www.jellici-baldes-spacetracker.ch\/index.php?rest_route=\/wp\/v2\/users\/1"}],"replies":[{"embeddable":true,"href":"https:\/\/www.jellici-baldes-spacetracker.ch\/index.php?rest_route=%2Fwp%2Fv2%2Fcomments&post=15"}],"version-history":[{"count":18,"href":"https:\/\/www.jellici-baldes-spacetracker.ch\/index.php?rest_route=\/wp\/v2\/pages\/15\/revisions"}],"predecessor-version":[{"id":447,"href":"https:\/\/www.jellici-baldes-spacetracker.ch\/index.php?rest_route=\/wp\/v2\/pages\/15\/revisions\/447"}],"wp:featuredmedia":[{"embeddable":true,"href":"https:\/\/www.jellici-baldes-spacetracker.ch\/index.php?rest_route=\/wp\/v2\/media\/364"}],"wp:attachment":[{"href":"https:\/\/www.jellici-baldes-spacetracker.ch\/index.php?rest_route=%2Fwp%2Fv2%2Fmedia&parent=15"}],"curies":[{"name":"wp","href":"https:\/\/api.w.org\/{rel}","templated":true}]}}